{"id":94,"date":"2020-06-03T21:00:12","date_gmt":"2020-06-03T19:00:12","guid":{"rendered":"https:\/\/eyedee.fr\/?page_id=94"},"modified":"2020-06-03T23:48:22","modified_gmt":"2020-06-03T21:48:22","slug":"references","status":"publish","type":"page","link":"https:\/\/eyedee.fr\/index.php\/references\/","title":{"rendered":"R\u00e9f\u00e9rences"},"content":{"rendered":"\n<p>Voici les visuels graphiques de quelques partenaires qui ont fait confiance \u00e0 EYEDEE Production. Chaque projet r\u00e9alis\u00e9 est singulier dans son approche et dans sa conception parce que chaque client est unique.<\/p>\n\n\n\n<div class=\"wp-block-columns has-3-columns is-layout-flex wp-container-core-columns-is-layout-9d6595d7 wp-block-columns-is-layout-flex\">\n<div class=\"wp-block-column is-layout-flow wp-block-column-is-layout-flow\">\n<figure class=\"wp-block-image\"><img loading=\"lazy\" decoding=\"async\" width=\"191\" height=\"191\" src=\"https:\/\/eyedee.fr\/wp-content\/uploads\/2020\/06\/conseil-d\u00e9partemental.jpg\" alt=\"\" class=\"wp-image-213\" srcset=\"https:\/\/eyedee.fr\/wp-content\/uploads\/2020\/06\/conseil-d\u00e9partemental.jpg 191w, https:\/\/eyedee.fr\/wp-content\/uploads\/2020\/06\/conseil-d\u00e9partemental-150x150.jpg 150w\" sizes=\"(max-width: 191px) 100vw, 191px\" \/><\/figure>\n<\/div>\n\n\n\n<div class=\"wp-block-column is-layout-flow wp-block-column-is-layout-flow\">\n<figure class=\"wp-block-image\"><img loading=\"lazy\" decoding=\"async\" width=\"196\" height=\"196\" src=\"https:\/\/eyedee.fr\/wp-content\/uploads\/2020\/06\/qbo.jpg\" alt=\"\" class=\"wp-image-219\" srcset=\"https:\/\/eyedee.fr\/wp-content\/uploads\/2020\/06\/qbo.jpg 196w, https:\/\/eyedee.fr\/wp-content\/uploads\/2020\/06\/qbo-150x150.jpg 150w\" sizes=\"(max-width: 196px) 100vw, 196px\" \/><\/figure>\n<\/div>\n\n\n\n<div class=\"wp-block-column is-layout-flow wp-block-column-is-layout-flow\">\n<figure class=\"wp-block-image\"><img loading=\"lazy\" decoding=\"async\" width=\"196\" height=\"196\" src=\"https:\/\/eyedee.fr\/wp-content\/uploads\/2020\/06\/toularchoat.jpg\" alt=\"\" class=\"wp-image-221\" srcset=\"https:\/\/eyedee.fr\/wp-content\/uploads\/2020\/06\/toularchoat.jpg 196w, https:\/\/eyedee.fr\/wp-content\/uploads\/2020\/06\/toularchoat-150x150.jpg 150w\" sizes=\"(max-width: 196px) 100vw, 196px\" \/><\/figure>\n<\/div>\n<\/div>\n\n\n\n<div class=\"wp-block-columns has-3-columns is-layout-flex wp-container-core-columns-is-layout-9d6595d7 wp-block-columns-is-layout-flex\">\n<div class=\"wp-block-column is-layout-flow wp-block-column-is-layout-flow\">\n<figure class=\"wp-block-image\"><img loading=\"lazy\" decoding=\"async\" width=\"196\" height=\"196\" src=\"https:\/\/eyedee.fr\/wp-content\/uploads\/2020\/06\/ca.jpg\" alt=\"\" class=\"wp-image-212\" srcset=\"https:\/\/eyedee.fr\/wp-content\/uploads\/2020\/06\/ca.jpg 196w, https:\/\/eyedee.fr\/wp-content\/uploads\/2020\/06\/ca-150x150.jpg 150w\" sizes=\"(max-width: 196px) 100vw, 196px\" \/><\/figure>\n<\/div>\n\n\n\n<div class=\"wp-block-column is-layout-flow wp-block-column-is-layout-flow\">\n<figure class=\"wp-block-image\"><img loading=\"lazy\" decoding=\"async\" width=\"190\" height=\"190\" src=\"https:\/\/eyedee.fr\/wp-content\/uploads\/2020\/06\/reportage360.jpg\" alt=\"\" class=\"wp-image-220\" srcset=\"https:\/\/eyedee.fr\/wp-content\/uploads\/2020\/06\/reportage360.jpg 190w, https:\/\/eyedee.fr\/wp-content\/uploads\/2020\/06\/reportage360-150x150.jpg 150w\" sizes=\"(max-width: 190px) 100vw, 190px\" \/><\/figure>\n<\/div>\n\n\n\n<div class=\"wp-block-column is-layout-flow wp-block-column-is-layout-flow\">\n<figure class=\"wp-block-image\"><img loading=\"lazy\" decoding=\"async\" width=\"196\" height=\"196\" src=\"https:\/\/eyedee.fr\/wp-content\/uploads\/2020\/06\/estival.jpg\" alt=\"\" class=\"wp-image-216\" srcset=\"https:\/\/eyedee.fr\/wp-content\/uploads\/2020\/06\/estival.jpg 196w, https:\/\/eyedee.fr\/wp-content\/uploads\/2020\/06\/estival-150x150.jpg 150w\" sizes=\"(max-width: 196px) 100vw, 196px\" \/><\/figure>\n<\/div>\n<\/div>\n\n\n\n<div class=\"wp-block-columns has-3-columns is-layout-flex wp-container-core-columns-is-layout-9d6595d7 wp-block-columns-is-layout-flex\">\n<div class=\"wp-block-column is-layout-flow wp-block-column-is-layout-flow\">\n<figure class=\"wp-block-image\"><img loading=\"lazy\" decoding=\"async\" width=\"196\" height=\"196\" src=\"https:\/\/eyedee.fr\/wp-content\/uploads\/2020\/06\/epilepsiefrance.jpg\" alt=\"\" class=\"wp-image-215\" srcset=\"https:\/\/eyedee.fr\/wp-content\/uploads\/2020\/06\/epilepsiefrance.jpg 196w, https:\/\/eyedee.fr\/wp-content\/uploads\/2020\/06\/epilepsiefrance-150x150.jpg 150w\" sizes=\"(max-width: 196px) 100vw, 196px\" \/><\/figure>\n\n\n\n<div class=\"wp-block-columns has-2-columns is-layout-flex wp-container-core-columns-is-layout-9d6595d7 wp-block-columns-is-layout-flex\"><\/div>\n<\/div>\n\n\n\n<div class=\"wp-block-column is-layout-flow wp-block-column-is-layout-flow\">\n<figure class=\"wp-block-image\"><img loading=\"lazy\" decoding=\"async\" width=\"196\" height=\"196\" src=\"https:\/\/eyedee.fr\/wp-content\/uploads\/2020\/06\/enseignementcatholique.jpg\" alt=\"\" class=\"wp-image-214\" srcset=\"https:\/\/eyedee.fr\/wp-content\/uploads\/2020\/06\/enseignementcatholique.jpg 196w, https:\/\/eyedee.fr\/wp-content\/uploads\/2020\/06\/enseignementcatholique-150x150.jpg 150w\" sizes=\"(max-width: 196px) 100vw, 196px\" \/><\/figure>\n<\/div>\n\n\n\n<div class=\"wp-block-column is-layout-flow wp-block-column-is-layout-flow\">\n<figure class=\"wp-block-image\"><img loading=\"lazy\" decoding=\"async\" width=\"196\" height=\"196\" src=\"https:\/\/eyedee.fr\/wp-content\/uploads\/2020\/06\/villequimper.jpg\" alt=\"\" class=\"wp-image-222\" srcset=\"https:\/\/eyedee.fr\/wp-content\/uploads\/2020\/06\/villequimper.jpg 196w, https:\/\/eyedee.fr\/wp-content\/uploads\/2020\/06\/villequimper-150x150.jpg 150w\" sizes=\"(max-width: 196px) 100vw, 196px\" \/><\/figure>\n<\/div>\n<\/div>\n\n\n\n<div class=\"wp-block-columns has-3-columns is-layout-flex wp-container-core-columns-is-layout-9d6595d7 wp-block-columns-is-layout-flex\">\n<div class=\"wp-block-column is-layout-flow wp-block-column-is-layout-flow\">\n<figure class=\"wp-block-image\"><img loading=\"lazy\" decoding=\"async\" width=\"196\" height=\"196\" src=\"https:\/\/eyedee.fr\/wp-content\/uploads\/2020\/06\/mus\u00e9e-m\u00e9moire.jpg\" alt=\"\" class=\"wp-image-226\" srcset=\"https:\/\/eyedee.fr\/wp-content\/uploads\/2020\/06\/mus\u00e9e-m\u00e9moire.jpg 196w, https:\/\/eyedee.fr\/wp-content\/uploads\/2020\/06\/mus\u00e9e-m\u00e9moire-150x150.jpg 150w\" sizes=\"(max-width: 196px) 100vw, 196px\" \/><\/figure>\n<\/div>\n\n\n\n<div class=\"wp-block-column is-layout-flow wp-block-column-is-layout-flow\">\n<figure class=\"wp-block-image\"><img loading=\"lazy\" decoding=\"async\" width=\"194\" height=\"194\" src=\"https:\/\/eyedee.fr\/wp-content\/uploads\/2020\/06\/idservices.jpg\" alt=\"\" class=\"wp-image-217\" srcset=\"https:\/\/eyedee.fr\/wp-content\/uploads\/2020\/06\/idservices.jpg 194w, https:\/\/eyedee.fr\/wp-content\/uploads\/2020\/06\/idservices-150x150.jpg 150w\" sizes=\"(max-width: 194px) 100vw, 194px\" \/><\/figure>\n<\/div>\n\n\n\n<div class=\"wp-block-column is-layout-flow wp-block-column-is-layout-flow\">\n<figure class=\"wp-block-image\"><img loading=\"lazy\" decoding=\"async\" width=\"196\" height=\"196\" src=\"https:\/\/eyedee.fr\/wp-content\/uploads\/2020\/06\/logo-officiel-ffrc_logo-officiel-ffrc.jpg\" alt=\"\" class=\"wp-image-218\" srcset=\"https:\/\/eyedee.fr\/wp-content\/uploads\/2020\/06\/logo-officiel-ffrc_logo-officiel-ffrc.jpg 196w, https:\/\/eyedee.fr\/wp-content\/uploads\/2020\/06\/logo-officiel-ffrc_logo-officiel-ffrc-150x150.jpg 150w\" sizes=\"(max-width: 196px) 100vw, 196px\" \/><\/figure>\n<\/div>\n<\/div>\n","protected":false},"excerpt":{"rendered":"<p>Voici les visuels graphiques de quelques partenaires qui ont fait confiance \u00e0 EYEDEE Production. Chaque projet r\u00e9alis\u00e9 est singulier dans son approche et dans sa conception parce que chaque client est unique.<\/p>\n","protected":false},"author":2,"featured_media":189,"parent":0,"menu_order":0,"comment_status":"closed","ping_status":"closed","template":"","meta":{"_et_pb_use_builder":"","_et_pb_old_content":"","_et_gb_content_width":"","footnotes":""},"class_list":["post-94","page","type-page","status-publish","has-post-thumbnail","hentry"],"_links":{"self":[{"href":"https:\/\/eyedee.fr\/index.php\/wp-json\/wp\/v2\/pages\/94","targetHints":{"allow":["GET"]}}],"collection":[{"href":"https:\/\/eyedee.fr\/index.php\/wp-json\/wp\/v2\/pages"}],"about":[{"href":"https:\/\/eyedee.fr\/index.php\/wp-json\/wp\/v2\/types\/page"}],"author":[{"embeddable":true,"href":"https:\/\/eyedee.fr\/index.php\/wp-json\/wp\/v2\/users\/2"}],"replies":[{"embeddable":true,"href":"https:\/\/eyedee.fr\/index.php\/wp-json\/wp\/v2\/comments?post=94"}],"version-history":[{"count":5,"href":"https:\/\/eyedee.fr\/index.php\/wp-json\/wp\/v2\/pages\/94\/revisions"}],"predecessor-version":[{"id":229,"href":"https:\/\/eyedee.fr\/index.php\/wp-json\/wp\/v2\/pages\/94\/revisions\/229"}],"wp:featuredmedia":[{"embeddable":true,"href":"https:\/\/eyedee.fr\/index.php\/wp-json\/wp\/v2\/media\/189"}],"wp:attachment":[{"href":"https:\/\/eyedee.fr\/index.php\/wp-json\/wp\/v2\/media?parent=94"}],"curies":[{"name":"wp","href":"https:\/\/api.w.org\/{rel}","templated":true}]}}