{"id":91,"date":"2020-06-03T20:57:51","date_gmt":"2020-06-03T18:57:51","guid":{"rendered":"https:\/\/eyedee.fr\/?page_id=91"},"modified":"2023-10-30T12:07:06","modified_gmt":"2023-10-30T11:07:06","slug":"sonorisation","status":"publish","type":"page","link":"https:\/\/eyedee.fr\/index.php\/sonorisation\/","title":{"rendered":"Sonorisation"},"content":{"rendered":"\n<h2 class=\"wp-block-heading\"><\/h2>\n\n\n\n<p>EYEDEE production poss\u00e8de tous les moyens techniques essentiels \u00e0 la sonorisation d\u2019un \u00e9v\u00e9nement cons\u00e9quent. Syst\u00e8me de diffusion, tables de mixages num\u00e9riques, parc micros et retours de sc\u00e8nes\u2026 Faites appel \u00e0 nos services pour sonoriser vos \u00e9v\u00e9nements.<\/p>\n\n\n\n<div style=\"height:44px\" aria-hidden=\"true\" class=\"wp-block-spacer\"><\/div>\n\n\n\n<figure class=\"wp-block-image size-large\"><img loading=\"lazy\" decoding=\"async\" width=\"1024\" height=\"768\" src=\"https:\/\/eyedee.fr\/wp-content\/uploads\/2020\/06\/novomax1-1024x768.jpg\" alt=\"\" class=\"wp-image-129\" srcset=\"https:\/\/eyedee.fr\/wp-content\/uploads\/2020\/06\/novomax1-1024x768.jpg 1024w, https:\/\/eyedee.fr\/wp-content\/uploads\/2020\/06\/novomax1-300x225.jpg 300w, https:\/\/eyedee.fr\/wp-content\/uploads\/2020\/06\/novomax1-768x576.jpg 768w, https:\/\/eyedee.fr\/wp-content\/uploads\/2020\/06\/novomax1.jpg 1184w\" sizes=\"(max-width: 1024px) 100vw, 1024px\" \/><\/figure>\n","protected":false},"excerpt":{"rendered":"<p>EYEDEE production poss\u00e8de tous les moyens techniques essentiels \u00e0 la sonorisation d\u2019un \u00e9v\u00e9nement cons\u00e9quent. Syst\u00e8me de diffusion, tables de mixages num\u00e9riques, parc micros et retours de sc\u00e8nes\u2026 Faites appel \u00e0 nos services pour sonoriser vos \u00e9v\u00e9nements.<\/p>\n","protected":false},"author":2,"featured_media":129,"parent":0,"menu_order":0,"comment_status":"closed","ping_status":"closed","template":"","meta":{"_et_pb_use_builder":"","_et_pb_old_content":"","_et_gb_content_width":"","footnotes":""},"class_list":["post-91","page","type-page","status-publish","has-post-thumbnail","hentry"],"_links":{"self":[{"href":"https:\/\/eyedee.fr\/index.php\/wp-json\/wp\/v2\/pages\/91","targetHints":{"allow":["GET"]}}],"collection":[{"href":"https:\/\/eyedee.fr\/index.php\/wp-json\/wp\/v2\/pages"}],"about":[{"href":"https:\/\/eyedee.fr\/index.php\/wp-json\/wp\/v2\/types\/page"}],"author":[{"embeddable":true,"href":"https:\/\/eyedee.fr\/index.php\/wp-json\/wp\/v2\/users\/2"}],"replies":[{"embeddable":true,"href":"https:\/\/eyedee.fr\/index.php\/wp-json\/wp\/v2\/comments?post=91"}],"version-history":[{"count":7,"href":"https:\/\/eyedee.fr\/index.php\/wp-json\/wp\/v2\/pages\/91\/revisions"}],"predecessor-version":[{"id":363,"href":"https:\/\/eyedee.fr\/index.php\/wp-json\/wp\/v2\/pages\/91\/revisions\/363"}],"wp:featuredmedia":[{"embeddable":true,"href":"https:\/\/eyedee.fr\/index.php\/wp-json\/wp\/v2\/media\/129"}],"wp:attachment":[{"href":"https:\/\/eyedee.fr\/index.php\/wp-json\/wp\/v2\/media?parent=91"}],"curies":[{"name":"wp","href":"https:\/\/api.w.org\/{rel}","templated":true}]}}