{"id":81,"date":"2020-06-03T20:56:20","date_gmt":"2020-06-03T18:56:20","guid":{"rendered":"https:\/\/eyedee.fr\/?page_id=81"},"modified":"2020-06-04T11:27:57","modified_gmt":"2020-06-04T09:27:57","slug":"contactez-nous","status":"publish","type":"page","link":"https:\/\/eyedee.fr\/index.php\/contactez-nous\/","title":{"rendered":"Contact"},"content":{"rendered":"\n<h2 class=\"wp-block-heading\">Contact<\/h2>\n\n\n\n<p>SASU EYEDEE Production<br>42 rue du Pont<br>29470 PLOUGASTEL-DAOULAS<br>Tel : 06 76 35 35 09<br>Email : contact@eyedee.fr<br><br>___________________________________________________<\/p>\n\n\n\n<h2 class=\"wp-block-heading\">Une demande ? Un projet ? Un devis ?<\/h2>\n\n\n\n<div class=\"wpforms-container wpforms-container-full wpforms-render-modern\" id=\"wpforms-180\"><form id=\"wpforms-form-180\" class=\"wpforms-validate wpforms-form\" data-formid=\"180\" method=\"post\" enctype=\"multipart\/form-data\" action=\"\/index.php\/wp-json\/wp\/v2\/pages\/81\" data-token=\"5ab38d5f31ea25d8fc75d9485ce8734a\"><noscript class=\"wpforms-error-noscript\">Veuillez activer JavaScript dans votre navigateur pour remplir ce formulaire.<\/noscript><div class=\"wpforms-hidden\" id=\"wpforms-error-noscript\">Veuillez activer JavaScript dans votre navigateur pour remplir ce formulaire.<\/div><div class=\"wpforms-field-container\"><div id=\"wpforms-180-field_0-container\" class=\"wpforms-field wpforms-field-name\" data-field-id=\"0\"><fieldset><legend class=\"wpforms-field-label\">Pr\u00e9nom &amp; NOM <span class=\"wpforms-required-label\" aria-hidden=\"true\">*<\/span><\/legend><div class=\"wpforms-field-row wpforms-field-medium\"><div class=\"wpforms-field-row-block wpforms-first wpforms-one-half\"><input type=\"text\" id=\"wpforms-180-field_0\" class=\"wpforms-field-name-first wpforms-field-required\" name=\"wpforms[fields][0][first]\" aria-errormessage=\"wpforms-180-field_0-error\" required><label for=\"wpforms-180-field_0\" class=\"wpforms-field-sublabel after \">Pr\u00e9nom<\/label><\/div><div class=\"wpforms-field-row-block wpforms-one-half\"><input type=\"text\" id=\"wpforms-180-field_0-last\" class=\"wpforms-field-name-last wpforms-field-required\" name=\"wpforms[fields][0][last]\" aria-errormessage=\"wpforms-180-field_0-last-error\" required><label for=\"wpforms-180-field_0-last\" class=\"wpforms-field-sublabel after \">Nom<\/label><\/div><\/div><\/fieldset><\/div><div id=\"wpforms-180-field_1-container\" class=\"wpforms-field wpforms-field-email\" data-field-id=\"1\"><label class=\"wpforms-field-label\" for=\"wpforms-180-field_1\">E-mail <span class=\"wpforms-required-label\" aria-hidden=\"true\">*<\/span><\/label><input type=\"email\" id=\"wpforms-180-field_1\" class=\"wpforms-field-medium wpforms-field-required\" name=\"wpforms[fields][1]\" spellcheck=\"false\" aria-errormessage=\"wpforms-180-field_1-error\" required><\/div><div id=\"wpforms-180-field_3-container\" class=\"wpforms-field wpforms-field-radio\" data-field-id=\"3\"><fieldset><legend class=\"wpforms-field-label\">Choix multiple<\/legend><ul id=\"wpforms-180-field_3\"><li class=\"choice-1 depth-1\"><input type=\"radio\" id=\"wpforms-180-field_3_1\" name=\"wpforms[fields][3]\" value=\"Vid\u00e9o | Captation Multicam\u00e9ra | Diffusion en direct\" aria-errormessage=\"wpforms-180-field_3_1-error\"  ><label class=\"wpforms-field-label-inline\" for=\"wpforms-180-field_3_1\">Vid\u00e9o | Captation Multicam\u00e9ra | Diffusion en direct<\/label><\/li><li class=\"choice-2 depth-1\"><input type=\"radio\" id=\"wpforms-180-field_3_2\" name=\"wpforms[fields][3]\" value=\"Audio | Enregistrement studio | Voice Track\" aria-errormessage=\"wpforms-180-field_3_2-error\"  ><label class=\"wpforms-field-label-inline\" for=\"wpforms-180-field_3_2\">Audio | Enregistrement studio | Voice Track<\/label><\/li><li class=\"choice-3 depth-1\"><input type=\"radio\" id=\"wpforms-180-field_3_3\" name=\"wpforms[fields][3]\" value=\"Infographie 2D ou 3D | Motion Design\" aria-errormessage=\"wpforms-180-field_3_3-error\"  ><label class=\"wpforms-field-label-inline\" for=\"wpforms-180-field_3_3\">Infographie 2D ou 3D | Motion Design<\/label><\/li><li class=\"choice-4 depth-1\"><input type=\"radio\" id=\"wpforms-180-field_3_4\" name=\"wpforms[fields][3]\" value=\"Web &amp; Application mobile\" aria-errormessage=\"wpforms-180-field_3_4-error\"  ><label class=\"wpforms-field-label-inline\" for=\"wpforms-180-field_3_4\">Web &amp; Application mobile<\/label><\/li><li class=\"choice-5 depth-1\"><input type=\"radio\" id=\"wpforms-180-field_3_5\" name=\"wpforms[fields][3]\" value=\"Prototypage \u00e9lectronique | D\u00e9veloppement Syst\u00e8mes\" aria-errormessage=\"wpforms-180-field_3_5-error\"  ><label class=\"wpforms-field-label-inline\" for=\"wpforms-180-field_3_5\">Prototypage \u00e9lectronique | D\u00e9veloppement Syst\u00e8mes<\/label><\/li><\/ul><\/fieldset><\/div><div id=\"wpforms-180-field_2-container\" class=\"wpforms-field wpforms-field-textarea\" data-field-id=\"2\"><label class=\"wpforms-field-label\" for=\"wpforms-180-field_2\">Commentaire ou message <span class=\"wpforms-required-label\" aria-hidden=\"true\">*<\/span><\/label><textarea id=\"wpforms-180-field_2\" class=\"wpforms-field-medium wpforms-field-required\" name=\"wpforms[fields][2]\" aria-errormessage=\"wpforms-180-field_2-error\" required><\/textarea><\/div><\/div><!-- .wpforms-field-container --><div class=\"wpforms-field wpforms-field-hp\"><label for=\"wpforms-180-field-hp\" class=\"wpforms-field-label\">Comment<\/label><input type=\"text\" name=\"wpforms[hp]\" id=\"wpforms-180-field-hp\" class=\"wpforms-field-medium\"><\/div><div class=\"wpforms-recaptcha-container wpforms-is-recaptcha\" ><div class=\"g-recaptcha\" data-sitekey=\"6Lc3CQEVAAAAAObILD02aaMTOkqFOKg9Gm-5q-9y\"><\/div><input type=\"text\" name=\"g-recaptcha-hidden\" class=\"wpforms-recaptcha-hidden\" style=\"position:absolute!important;clip:rect(0,0,0,0)!important;height:1px!important;width:1px!important;border:0!important;overflow:hidden!important;padding:0!important;margin:0!important;\" data-rule-recaptcha=\"1\"><\/div><div class=\"wpforms-submit-container\" ><input type=\"hidden\" name=\"wpforms[id]\" value=\"180\"><input type=\"hidden\" name=\"wpforms[author]\" value=\"2\"><button type=\"submit\" name=\"wpforms[submit]\" id=\"wpforms-submit-180\" class=\"wpforms-submit\" data-alt-text=\"Envoi...\" data-submit-text=\"Envoyer\" aria-live=\"assertive\" value=\"wpforms-submit\">Envoyer<\/button><\/div><\/form><\/div>  <!-- .wpforms-container -->\n\n\n\n<p><\/p>\n","protected":false},"excerpt":{"rendered":"<p>Contact SASU EYEDEE Production42 rue du Pont29470 PLOUGASTEL-DAOULASTel : 06 76 35 35 09Email : contact@eyedee.fr ___________________________________________________ Une demande ? Un projet ? Un devis ?<\/p>\n","protected":false},"author":2,"featured_media":189,"parent":0,"menu_order":0,"comment_status":"closed","ping_status":"closed","template":"","meta":{"_et_pb_use_builder":"","_et_pb_old_content":"","_et_gb_content_width":"","footnotes":""},"class_list":["post-81","page","type-page","status-publish","has-post-thumbnail","hentry"],"_links":{"self":[{"href":"https:\/\/eyedee.fr\/index.php\/wp-json\/wp\/v2\/pages\/81","targetHints":{"allow":["GET"]}}],"collection":[{"href":"https:\/\/eyedee.fr\/index.php\/wp-json\/wp\/v2\/pages"}],"about":[{"href":"https:\/\/eyedee.fr\/index.php\/wp-json\/wp\/v2\/types\/page"}],"author":[{"embeddable":true,"href":"https:\/\/eyedee.fr\/index.php\/wp-json\/wp\/v2\/users\/2"}],"replies":[{"embeddable":true,"href":"https:\/\/eyedee.fr\/index.php\/wp-json\/wp\/v2\/comments?post=81"}],"version-history":[{"count":11,"href":"https:\/\/eyedee.fr\/index.php\/wp-json\/wp\/v2\/pages\/81\/revisions"}],"predecessor-version":[{"id":240,"href":"https:\/\/eyedee.fr\/index.php\/wp-json\/wp\/v2\/pages\/81\/revisions\/240"}],"wp:featuredmedia":[{"embeddable":true,"href":"https:\/\/eyedee.fr\/index.php\/wp-json\/wp\/v2\/media\/189"}],"wp:attachment":[{"href":"https:\/\/eyedee.fr\/index.php\/wp-json\/wp\/v2\/media?parent=81"}],"curies":[{"name":"wp","href":"https:\/\/api.w.org\/{rel}","templated":true}]}}