{"id":79,"date":"2020-06-03T20:55:19","date_gmt":"2020-06-03T18:55:19","guid":{"rendered":"https:\/\/eyedee.fr\/?page_id=79"},"modified":"2023-10-30T12:04:21","modified_gmt":"2023-10-30T11:04:21","slug":"captation-multicamera","status":"publish","type":"page","link":"https:\/\/eyedee.fr\/index.php\/captation-multicamera\/","title":{"rendered":"Captation Multicam\u00e9ras"},"content":{"rendered":"\n<h2 class=\"wp-block-heading\"><\/h2>\n\n\n\n<h3 class=\"wp-block-heading\"><br><\/h3>\n\n\n\n<p>Filmez votre \u00e9v\u00e9nement sous plusieurs angles, ne ratez rien de votre concert, de votre conf\u00e9rence, de votre s\u00e9minaire ou de votre comp\u00e9tition sportive. La captation multicam\u00e9ras rendra plus vivant et professionnel le rendu final de votre vid\u00e9o. Eyedee poss\u00e8de sa propre r\u00e9gie vid\u00e9o 4K pour une qualit\u00e9 irr\u00e9prochable.<br><\/p>\n\n\n\n<div style=\"height:56px\" aria-hidden=\"true\" class=\"wp-block-spacer\"><\/div>\n\n\n\n<h3 class=\"wp-block-heading\">Live Streaming Internet<\/h3>\n\n\n\n<p>Une retransmission en direct depuis votre site Internet et\/ou vos r\u00e9seaux sociaux donne de la visibilit\u00e9 \u00e0 votre \u00e9v\u00e9nement et vous permet de garder trace. Et si le spectateur est arriv\u00e9 en retard, il lui est possible de visionner la vid\u00e9o en diff\u00e9r\u00e9 !<br><\/p>\n\n\n\n<div style=\"height:52px\" aria-hidden=\"true\" class=\"wp-block-spacer\"><\/div>\n\n\n\n<h3 class=\"wp-block-heading\">Retransmission sur \u00e9cran g\u00e9ant<\/h3>\n\n\n\n<p>Eyedee poss\u00e8de sa propre r\u00e9gie vid\u00e9o 4K professionnelle. Si vous souhaitez mettre en place une captation multicam\u00e9ras de votre \u00e9v\u00e9nement, il est tout \u00e0 fait possible de rediriger le flux vid\u00e9o vers l&rsquo;\u00e9cran g\u00e9ant que vous avez peut-\u00eatre pr\u00e9vu d&rsquo;installer\u2026 pensez-y !<\/p>\n\n\n\n<div style=\"height:56px\" aria-hidden=\"true\" class=\"wp-block-spacer\"><\/div>\n\n\n\n<div class=\"wp-block-columns is-layout-flex wp-container-core-columns-is-layout-9d6595d7 wp-block-columns-is-layout-flex\">\n<div class=\"wp-block-column is-layout-flow wp-block-column-is-layout-flow\">\n<figure class=\"wp-block-image aligncenter size-large is-resized\"><img loading=\"lazy\" decoding=\"async\" width=\"1024\" height=\"576\" src=\"https:\/\/eyedee.fr\/wp-content\/uploads\/2020\/06\/bobino2-1024x576.jpg\" alt=\"\" class=\"wp-image-138\" style=\"aspect-ratio:1.7777777777777777;width:405px;height:auto\" srcset=\"https:\/\/eyedee.fr\/wp-content\/uploads\/2020\/06\/bobino2-1024x576.jpg 1024w, https:\/\/eyedee.fr\/wp-content\/uploads\/2020\/06\/bobino2-300x169.jpg 300w, https:\/\/eyedee.fr\/wp-content\/uploads\/2020\/06\/bobino2-768x432.jpg 768w, https:\/\/eyedee.fr\/wp-content\/uploads\/2020\/06\/bobino2.jpg 1579w\" sizes=\"(max-width: 1024px) 100vw, 1024px\" \/><\/figure>\n<\/div>\n\n\n\n<div class=\"wp-block-column is-layout-flow wp-block-column-is-layout-flow\">\n<figure class=\"wp-block-image aligncenter size-large\"><img loading=\"lazy\" decoding=\"async\" width=\"1024\" height=\"768\" src=\"https:\/\/eyedee.fr\/wp-content\/uploads\/2020\/06\/CD29-2-1024x768.jpg\" alt=\"\" class=\"wp-image-134\" srcset=\"https:\/\/eyedee.fr\/wp-content\/uploads\/2020\/06\/CD29-2-1024x768.jpg 1024w, https:\/\/eyedee.fr\/wp-content\/uploads\/2020\/06\/CD29-2-300x225.jpg 300w, https:\/\/eyedee.fr\/wp-content\/uploads\/2020\/06\/CD29-2-768x576.jpg 768w, https:\/\/eyedee.fr\/wp-content\/uploads\/2020\/06\/CD29-2.jpg 1184w\" sizes=\"(max-width: 1024px) 100vw, 1024px\" \/><\/figure>\n<\/div>\n<\/div>\n\n\n\n<figure class=\"wp-block-image size-full\"><img loading=\"lazy\" decoding=\"async\" width=\"960\" height=\"540\" src=\"https:\/\/eyedee.fr\/wp-content\/uploads\/2020\/06\/Bobino.jpg\" alt=\"\" class=\"wp-image-106\" srcset=\"https:\/\/eyedee.fr\/wp-content\/uploads\/2020\/06\/Bobino.jpg 960w, https:\/\/eyedee.fr\/wp-content\/uploads\/2020\/06\/Bobino-300x169.jpg 300w, https:\/\/eyedee.fr\/wp-content\/uploads\/2020\/06\/Bobino-768x432.jpg 768w\" sizes=\"(max-width: 960px) 100vw, 960px\" \/><\/figure>\n","protected":false},"excerpt":{"rendered":"<p>Filmez votre \u00e9v\u00e9nement sous plusieurs angles, ne ratez rien de votre concert, de votre conf\u00e9rence, de votre s\u00e9minaire ou de votre comp\u00e9tition sportive. La captation multicam\u00e9ras rendra plus vivant et professionnel le rendu final de votre vid\u00e9o. Eyedee poss\u00e8de sa propre r\u00e9gie vid\u00e9o 4K pour une qualit\u00e9 irr\u00e9prochable. Live Streaming Internet Une retransmission en direct [&hellip;]<\/p>\n","protected":false},"author":2,"featured_media":105,"parent":0,"menu_order":0,"comment_status":"closed","ping_status":"closed","template":"","meta":{"_et_pb_use_builder":"","_et_pb_old_content":"","_et_gb_content_width":"","footnotes":""},"class_list":["post-79","page","type-page","status-publish","has-post-thumbnail","hentry"],"_links":{"self":[{"href":"https:\/\/eyedee.fr\/index.php\/wp-json\/wp\/v2\/pages\/79","targetHints":{"allow":["GET"]}}],"collection":[{"href":"https:\/\/eyedee.fr\/index.php\/wp-json\/wp\/v2\/pages"}],"about":[{"href":"https:\/\/eyedee.fr\/index.php\/wp-json\/wp\/v2\/types\/page"}],"author":[{"embeddable":true,"href":"https:\/\/eyedee.fr\/index.php\/wp-json\/wp\/v2\/users\/2"}],"replies":[{"embeddable":true,"href":"https:\/\/eyedee.fr\/index.php\/wp-json\/wp\/v2\/comments?post=79"}],"version-history":[{"count":9,"href":"https:\/\/eyedee.fr\/index.php\/wp-json\/wp\/v2\/pages\/79\/revisions"}],"predecessor-version":[{"id":359,"href":"https:\/\/eyedee.fr\/index.php\/wp-json\/wp\/v2\/pages\/79\/revisions\/359"}],"wp:featuredmedia":[{"embeddable":true,"href":"https:\/\/eyedee.fr\/index.php\/wp-json\/wp\/v2\/media\/105"}],"wp:attachment":[{"href":"https:\/\/eyedee.fr\/index.php\/wp-json\/wp\/v2\/media?parent=79"}],"curies":[{"name":"wp","href":"https:\/\/api.w.org\/{rel}","templated":true}]}}